{"id":1536,"date":"2026-03-09T17:06:19","date_gmt":"2026-03-09T16:06:19","guid":{"rendered":"https:\/\/dev.siccclic.com\/x-legal-information\/"},"modified":"2026-03-11T14:15:17","modified_gmt":"2026-03-11T13:15:17","slug":"x-legal-information","status":"publish","type":"page","link":"https:\/\/licornecapital.com\/en\/x-legal-information\/","title":{"rendered":"X &#8211; Legal information"},"content":{"rendered":"<div data-elementor-type=\"wp-page\" data-elementor-id=\"1536\" class=\"elementor elementor-1536 elementor-1352\" data-elementor-post-type=\"page\">\n\t\t\t\t<div class=\"elementor-element elementor-element-21848cef e-flex e-con-boxed e-con e-parent\" data-id=\"21848cef\" data-element_type=\"container\" data-e-type=\"container\">\n\t\t\t\t\t<div class=\"e-con-inner\">\n\t\t<div class=\"elementor-element elementor-element-d5a73ac e-con-full e-flex e-con e-child\" data-id=\"d5a73ac\" data-element_type=\"container\" data-e-type=\"container\">\n\t\t\t\t<div class=\"elementor-element elementor-element-0c36a37 elementor-widget elementor-widget-heading\" data-id=\"0c36a37\" data-element_type=\"widget\" data-e-type=\"widget\" data-widget_type=\"heading.default\">\n\t\t\t\t<div class=\"elementor-widget-container\">\n\t\t\t\t\t<h2 class=\"elementor-heading-title elementor-size-default\">Terms of use<\/h2>\t\t\t\t<\/div>\n\t\t\t\t<\/div>\n\t\t\t\t<div class=\"elementor-element elementor-element-409ce260 elementor-widget elementor-widget-text-editor\" data-id=\"409ce260\" data-element_type=\"widget\" data-e-type=\"widget\" data-widget_type=\"text-editor.default\">\n\t\t\t\t<div class=\"elementor-widget-container\">\n\t\t\t\t\t\t\t\t\t<h3><b>Site editor<\/b><\/h3>\n<p>This site is edited by <b>Thibault de Changy<\/b>, Web, UI-UX and Industrial Designer, acting within the framework of the activity management structure <b>Productions Associ\u00e9es ASBL<\/b>.<\/p>\n<ul>\n<li><b><\/b><b>Registered office:<\/b> Rue \u00c9mile F\u00e9ron 70, 1060 Brussels, Belgium<\/li>\n<li><b><\/b><b>VAT:<\/b> BE0896 755 397<\/li>\n<li><b><\/b><b>Direct contact:<\/b> info@siccclic.com | 0032 498 10 42 98<\/li>\n<\/ul>\n<h3><b><br>Professional activity presented<\/b><\/h3>\n<p>The site presents the expertise services of Patrick Dan PILLER, Sworn Financial Expert and Member of the Chamber of Experts of the Grand Duchy of Luxembourg.<\/p>\n<ul>\n<li>Head office: 10, rue Mathias Hardt &#8211; L-1717 Luxembourg<\/li>\n<li>Email : contact@licornecapital.com<\/li>\n<li>Telephone: +352 691 142 319<\/li>\n<\/ul>\n<h3><b><br>Intellectual Property<\/b><\/h3>\n<p>All content (text, logos, structure) is the exclusive property of Licorne Capital or Patrick Dan PILLER. Any reproduction, even partial, without prior written authorization is prohibited and constitutes an infringement. <\/p>\n<p> <\/p>\n<p> <\/p>\n<h3><b>Hosting<\/b><\/h3>\n<p>The site is hosted by <b>IONOS SARL<\/b>:<\/p>\n<p>7 Place de la Gare, 57200 Sarreguemines, France<\/p>\n<p>Siret : 43130377500016<\/p>\t\t\t\t\t\t\t\t<\/div>\n\t\t\t\t<\/div>\n\t\t\t\t<\/div>\n\t\t\t\t\t<\/div>\n\t\t\t\t<\/div>\n\t\t\t\t<\/div>","protected":false},"excerpt":{"rendered":"<p>Terms of use Site editor This site is edited by Thibault de Changy, Web, UI-UX and Industrial Designer, acting within the framework of the activity management structure Productions Associ\u00e9es ASBL. Registered office: Rue \u00c9mile F\u00e9ron 70, 1060 Brussels, Belgium VAT: BE0896 755 397 Direct contact: info@siccclic.com | 0032 498 10 42 98 Professional activity presented [&hellip;]<\/p>","protected":false},"author":1,"featured_media":0,"parent":0,"menu_order":0,"comment_status":"closed","ping_status":"closed","template":"","meta":{"site-sidebar-layout":"default","site-content-layout":"","ast-site-content-layout":"default","site-content-style":"default","site-sidebar-style":"default","ast-global-header-display":"","ast-banner-title-visibility":"","ast-main-header-display":"","ast-hfb-above-header-display":"","ast-hfb-below-header-display":"","ast-hfb-mobile-header-display":"","site-post-title":"","ast-breadcrumbs-content":"","ast-featured-img":"","footer-sml-layout":"","ast-disable-related-posts":"","theme-transparent-header-meta":"","adv-header-id-meta":"","stick-header-meta":"","header-above-stick-meta":"","header-main-stick-meta":"","header-below-stick-meta":"","astra-migrate-meta-layouts":"default","ast-page-background-enabled":"default","ast-page-background-meta":{"desktop":{"background-color":"","background-image":"","background-repeat":"repeat","background-position":"center center","background-size":"auto","background-attachment":"scroll","background-type":"","background-media":"","overlay-type":"","overlay-color":"","overlay-opacity":"","overlay-gradient":""},"tablet":{"background-color":"","background-image":"","background-repeat":"repeat","background-position":"center center","background-size":"auto","background-attachment":"scroll","background-type":"","background-media":"","overlay-type":"","overlay-color":"","overlay-opacity":"","overlay-gradient":""},"mobile":{"background-color":"","background-image":"","background-repeat":"repeat","background-position":"center center","background-size":"auto","background-attachment":"scroll","background-type":"","background-media":"","overlay-type":"","overlay-color":"","overlay-opacity":"","overlay-gradient":""}},"ast-content-background-meta":{"desktop":{"background-color":"var(--ast-global-color-5)","background-image":"","background-repeat":"repeat","background-position":"center center","background-size":"auto","background-attachment":"scroll","background-type":"","background-media":"","overlay-type":"","overlay-color":"","overlay-opacity":"","overlay-gradient":""},"tablet":{"background-color":"var(--ast-global-color-5)","background-image":"","background-repeat":"repeat","background-position":"center center","background-size":"auto","background-attachment":"scroll","background-type":"","background-media":"","overlay-type":"","overlay-color":"","overlay-opacity":"","overlay-gradient":""},"mobile":{"background-color":"var(--ast-global-color-5)","background-image":"","background-repeat":"repeat","background-position":"center center","background-size":"auto","background-attachment":"scroll","background-type":"","background-media":"","overlay-type":"","overlay-color":"","overlay-opacity":"","overlay-gradient":""}},"footnotes":""},"class_list":["post-1536","page","type-page","status-publish","hentry"],"yoast_head":"<!-- This site is optimized with the Yoast SEO plugin v27.2 - https:\/\/yoast.com\/product\/yoast-seo-wordpress\/ -->\n<title>X - Legal information - Licorne Capital<\/title>\n<meta name=\"robots\" content=\"index, follow, max-snippet:-1, max-image-preview:large, max-video-preview:-1\" \/>\n<link rel=\"canonical\" href=\"https:\/\/licornecapital.com\/en\/x-legal-information\/\" \/>\n<meta property=\"og:locale\" content=\"en_GB\" \/>\n<meta property=\"og:type\" content=\"article\" \/>\n<meta property=\"og:title\" content=\"X - Legal information - Licorne Capital\" \/>\n<meta property=\"og:description\" content=\"Terms of use Site editor This site is edited by Thibault de Changy, Web, UI-UX and Industrial Designer, acting within the framework of the activity management structure Productions Associ\u00e9es ASBL. Registered office: Rue \u00c9mile F\u00e9ron 70, 1060 Brussels, Belgium VAT: BE0896 755 397 Direct contact: info@siccclic.com | 0032 498 10 42 98 Professional activity presented [&hellip;]\" \/>\n<meta property=\"og:url\" content=\"https:\/\/licornecapital.com\/en\/x-legal-information\/\" \/>\n<meta property=\"og:site_name\" content=\"Licorne Capital\" \/>\n<meta property=\"article:modified_time\" content=\"2026-03-11T13:15:17+00:00\" \/>\n<meta property=\"og:image\" content=\"https:\/\/licornecapital.com\/wp-content\/uploads\/2026\/03\/Logo-Licorne-Capitale-512-crop.png\" \/>\n\t<meta property=\"og:image:width\" content=\"512\" \/>\n\t<meta property=\"og:image:height\" content=\"187\" \/>\n\t<meta property=\"og:image:type\" content=\"image\/png\" \/>\n<meta name=\"twitter:card\" content=\"summary_large_image\" \/>\n<script type=\"application\/ld+json\" class=\"yoast-schema-graph\">{\"@context\":\"https:\/\/schema.org\",\"@graph\":[{\"@type\":\"WebPage\",\"@id\":\"https:\/\/licornecapital.com\/en\/x-legal-information\/\",\"url\":\"https:\/\/licornecapital.com\/en\/x-legal-information\/\",\"name\":\"X - Legal information - Licorne Capital\",\"isPartOf\":{\"@id\":\"https:\/\/licornecapital.com\/en\/#website\"},\"datePublished\":\"2026-03-09T16:06:19+00:00\",\"dateModified\":\"2026-03-11T13:15:17+00:00\",\"breadcrumb\":{\"@id\":\"https:\/\/licornecapital.com\/en\/x-legal-information\/#breadcrumb\"},\"inLanguage\":\"en-GB\",\"potentialAction\":[{\"@type\":\"ReadAction\",\"target\":[\"https:\/\/licornecapital.com\/en\/x-legal-information\/\"]}]},{\"@type\":\"BreadcrumbList\",\"@id\":\"https:\/\/licornecapital.com\/en\/x-legal-information\/#breadcrumb\",\"itemListElement\":[{\"@type\":\"ListItem\",\"position\":1,\"name\":\"Accueil\",\"item\":\"https:\/\/licornecapital.com\/en\/home\/\"},{\"@type\":\"ListItem\",\"position\":2,\"name\":\"X &#8211; Legal information\"}]},{\"@type\":\"WebSite\",\"@id\":\"https:\/\/licornecapital.com\/en\/#website\",\"url\":\"https:\/\/licornecapital.com\/en\/\",\"name\":\"Licorne capital\",\"description\":\"Your sworn financial expert in Luxembourg\",\"publisher\":{\"@id\":\"https:\/\/licornecapital.com\/en\/#organization\"},\"potentialAction\":[{\"@type\":\"SearchAction\",\"target\":{\"@type\":\"EntryPoint\",\"urlTemplate\":\"https:\/\/licornecapital.com\/en\/?s={search_term_string}\"},\"query-input\":{\"@type\":\"PropertyValueSpecification\",\"valueRequired\":true,\"valueName\":\"search_term_string\"}}],\"inLanguage\":\"en-GB\"},{\"@type\":\"Organization\",\"@id\":\"https:\/\/licornecapital.com\/en\/#organization\",\"name\":\"Licorne capital\",\"url\":\"https:\/\/licornecapital.com\/en\/\",\"logo\":{\"@type\":\"ImageObject\",\"inLanguage\":\"en-GB\",\"@id\":\"https:\/\/licornecapital.com\/en\/#\/schema\/logo\/image\/\",\"url\":\"https:\/\/licornecapital.com\/wp-content\/uploads\/2026\/02\/Logo-Licorne-Capitale-full400dpiCropped-scaled.png\",\"contentUrl\":\"https:\/\/licornecapital.com\/wp-content\/uploads\/2026\/02\/Logo-Licorne-Capitale-full400dpiCropped-scaled.png\",\"width\":1600,\"height\":545,\"caption\":\"Licorne capital\"},\"image\":{\"@id\":\"https:\/\/licornecapital.com\/en\/#\/schema\/logo\/image\/\"},\"sameAs\":[\"https:\/\/www.linkedin.com\/in\/patrick-dan-piller-77a50769\"]}]}<\/script>\n<!-- \/ Yoast SEO plugin. -->","yoast_head_json":{"title":"X - Legal information - Licorne Capital","robots":{"index":"index","follow":"follow","max-snippet":"max-snippet:-1","max-image-preview":"max-image-preview:large","max-video-preview":"max-video-preview:-1"},"canonical":"https:\/\/licornecapital.com\/en\/x-legal-information\/","og_locale":"en_GB","og_type":"article","og_title":"X - Legal information - Licorne Capital","og_description":"Terms of use Site editor This site is edited by Thibault de Changy, Web, UI-UX and Industrial Designer, acting within the framework of the activity management structure Productions Associ\u00e9es ASBL. Registered office: Rue \u00c9mile F\u00e9ron 70, 1060 Brussels, Belgium VAT: BE0896 755 397 Direct contact: info@siccclic.com | 0032 498 10 42 98 Professional activity presented [&hellip;]","og_url":"https:\/\/licornecapital.com\/en\/x-legal-information\/","og_site_name":"Licorne Capital","article_modified_time":"2026-03-11T13:15:17+00:00","og_image":[{"width":512,"height":187,"url":"https:\/\/licornecapital.com\/wp-content\/uploads\/2026\/03\/Logo-Licorne-Capitale-512-crop.png","type":"image\/png"}],"twitter_card":"summary_large_image","schema":{"@context":"https:\/\/schema.org","@graph":[{"@type":"WebPage","@id":"https:\/\/licornecapital.com\/en\/x-legal-information\/","url":"https:\/\/licornecapital.com\/en\/x-legal-information\/","name":"X - Legal information - Licorne Capital","isPartOf":{"@id":"https:\/\/licornecapital.com\/en\/#website"},"datePublished":"2026-03-09T16:06:19+00:00","dateModified":"2026-03-11T13:15:17+00:00","breadcrumb":{"@id":"https:\/\/licornecapital.com\/en\/x-legal-information\/#breadcrumb"},"inLanguage":"en-GB","potentialAction":[{"@type":"ReadAction","target":["https:\/\/licornecapital.com\/en\/x-legal-information\/"]}]},{"@type":"BreadcrumbList","@id":"https:\/\/licornecapital.com\/en\/x-legal-information\/#breadcrumb","itemListElement":[{"@type":"ListItem","position":1,"name":"Accueil","item":"https:\/\/licornecapital.com\/en\/home\/"},{"@type":"ListItem","position":2,"name":"X &#8211; Legal information"}]},{"@type":"WebSite","@id":"https:\/\/licornecapital.com\/en\/#website","url":"https:\/\/licornecapital.com\/en\/","name":"Licorne capital","description":"Your sworn financial expert in Luxembourg","publisher":{"@id":"https:\/\/licornecapital.com\/en\/#organization"},"potentialAction":[{"@type":"SearchAction","target":{"@type":"EntryPoint","urlTemplate":"https:\/\/licornecapital.com\/en\/?s={search_term_string}"},"query-input":{"@type":"PropertyValueSpecification","valueRequired":true,"valueName":"search_term_string"}}],"inLanguage":"en-GB"},{"@type":"Organization","@id":"https:\/\/licornecapital.com\/en\/#organization","name":"Licorne capital","url":"https:\/\/licornecapital.com\/en\/","logo":{"@type":"ImageObject","inLanguage":"en-GB","@id":"https:\/\/licornecapital.com\/en\/#\/schema\/logo\/image\/","url":"https:\/\/licornecapital.com\/wp-content\/uploads\/2026\/02\/Logo-Licorne-Capitale-full400dpiCropped-scaled.png","contentUrl":"https:\/\/licornecapital.com\/wp-content\/uploads\/2026\/02\/Logo-Licorne-Capitale-full400dpiCropped-scaled.png","width":1600,"height":545,"caption":"Licorne capital"},"image":{"@id":"https:\/\/licornecapital.com\/en\/#\/schema\/logo\/image\/"},"sameAs":["https:\/\/www.linkedin.com\/in\/patrick-dan-piller-77a50769"]}]}},"_links":{"self":[{"href":"https:\/\/licornecapital.com\/en\/wp-json\/wp\/v2\/pages\/1536","targetHints":{"allow":["GET"]}}],"collection":[{"href":"https:\/\/licornecapital.com\/en\/wp-json\/wp\/v2\/pages"}],"about":[{"href":"https:\/\/licornecapital.com\/en\/wp-json\/wp\/v2\/types\/page"}],"author":[{"embeddable":true,"href":"https:\/\/licornecapital.com\/en\/wp-json\/wp\/v2\/users\/1"}],"replies":[{"embeddable":true,"href":"https:\/\/licornecapital.com\/en\/wp-json\/wp\/v2\/comments?post=1536"}],"version-history":[{"count":1,"href":"https:\/\/licornecapital.com\/en\/wp-json\/wp\/v2\/pages\/1536\/revisions"}],"predecessor-version":[{"id":1538,"href":"https:\/\/licornecapital.com\/en\/wp-json\/wp\/v2\/pages\/1536\/revisions\/1538"}],"wp:attachment":[{"href":"https:\/\/licornecapital.com\/en\/wp-json\/wp\/v2\/media?parent=1536"}],"curies":[{"name":"wp","href":"https:\/\/api.w.org\/{rel}","templated":true}]}}