{"id":1061,"date":"2021-06-29T20:35:25","date_gmt":"2021-06-29T18:35:25","guid":{"rendered":"https:\/\/lexpertfinancier.pro\/datenschutzrichtlinie\/"},"modified":"2024-10-14T14:14:25","modified_gmt":"2024-10-14T12:14:25","slug":"datenschutzrichtlinie","status":"publish","type":"page","link":"https:\/\/licornecapital.com\/lb\/datenschutzrichtlinie\/","title":{"rendered":"Datenschutzrichtlinie"},"content":{"rendered":"<div data-elementor-type=\"wp-page\" data-elementor-id=\"1061\" class=\"elementor elementor-1061 elementor-3\" data-elementor-post-type=\"page\">\n\t\t\t\t<div class=\"elementor-element elementor-element-45307caa e-flex e-con-boxed e-con e-parent\" data-id=\"45307caa\" data-element_type=\"container\" data-e-type=\"container\">\n\t\t\t\t\t<div class=\"e-con-inner\">\n\t\t\t\t<div class=\"elementor-element elementor-element-dff7ae4 elementor-widget elementor-widget-heading\" data-id=\"dff7ae4\" data-element_type=\"widget\" data-e-type=\"widget\" data-widget_type=\"heading.default\">\n\t\t\t\t<div class=\"elementor-widget-container\">\n\t\t\t\t\t<h1 class=\"elementor-heading-title elementor-size-default\">Datenschutzrichtlinie<\/h1>\t\t\t\t<\/div>\n\t\t\t\t<\/div>\n\t\t\t\t<div class=\"elementor-element elementor-element-008073c elementor-widget elementor-widget-image\" data-id=\"008073c\" data-element_type=\"widget\" data-e-type=\"widget\" data-widget_type=\"image.default\">\n\t\t\t\t<div class=\"elementor-widget-container\">\n\t\t\t\t\t\t\t\t\t\t\t\t\t\t\t<img fetchpriority=\"high\" decoding=\"async\" width=\"730\" height=\"487\" src=\"https:\/\/licornecapital.com\/wp-content\/uploads\/2024\/04\/luxembourg-in-pictures-beautiful-places-to-photograph-grand-ducal-palace.jpg\" class=\"attachment-full size-full wp-image-983\" alt=\"Luxembourg-in-pictures-beautiful-places-to-photograph-grand-ducal-palace\" srcset=\"https:\/\/licornecapital.com\/wp-content\/uploads\/2024\/04\/luxembourg-in-pictures-beautiful-places-to-photograph-grand-ducal-palace.jpg 730w,  https:\/\/licornecapital.com\/wp-content\/uploads\/2024\/04\/luxembourg-in-pictures-beautiful-places-to-photograph-grand-ducal-palace-400x267.jpg 400w,  https:\/\/licornecapital.com\/wp-content\/uploads\/2024\/04\/luxembourg-in-pictures-beautiful-places-to-photograph-grand-ducal-palace-600x400.jpg 600w\" sizes=\"(max-width: 730px) 100vw, 730px\" title=\"Datenschutzrichtlinie\" \/>\t\t\t\t\t\t\t\t\t\t\t\t\t\t\t<\/div>\n\t\t\t\t<\/div>\n\t\t\t\t<div class=\"elementor-element elementor-element-6cbb2e0 elementor-widget elementor-widget-text-editor\" data-id=\"6cbb2e0\" data-element_type=\"widget\" data-e-type=\"widget\" data-widget_type=\"text-editor.default\">\n\t\t\t\t<div class=\"elementor-widget-container\">\n\t\t\t\t\t\t\t\t\t<h2 style=\"font-size: 2.13333rem; font-style: normal; text-align: left;\"><span style=\"background-color: var(--ast-global-color-5); color: var(--ast-global-color-2); font-family: -apple-system, BlinkMacSystemFont, 'Segoe UI', Roboto, Oxygen-Sans, Ubuntu, Cantarell, 'Helvetica Neue', sans-serif; font-size: 2.13333rem; font-style: inherit; font-weight: inherit; text-align: var(--text-align); text-decoration-line: initial;\">Wer sind wir?<\/span><\/h2>\n<p data-sider-select-id=\"03384a41-5824-42f1-a610-417ada8bf787\">Die Adresse der Website <strong>&#8220;Der Finanzexperte&#8221;<\/strong> lautet: https: <a href=\"https:\/\/licornecapital.com\/lb\/\" rel=\"nofollow\">\/\/lexpertfinancier.pro<\/a>. Nachstehend finden Sie die Regeln f\u00fcr den Umgang mit unseren Online-Inhalten.<\/p>\n<p> <\/p>\n<p><\/p>\n<p><\/p>\n<h2>Kommentare<\/h2>\n<p><\/p>\n<p><\/p>\n<p>Wenn Sie einen Kommentar auf unserer Website hinterlassen, werden die Daten, die Sie in das Kommentarformular eingegeben haben, sowie Ihre IP-Adresse und der User Agent Ihres Browsers gesammelt, um uns bei der Erkennung unerw\u00fcnschter Kommentare zu helfen.<\/p>\n<p><\/p>\n<p><\/p>\n<p>Eine anonymisierte Zeichenfolge, die aus Ihrer E-Mail-Adresse erstellt wird (auch Hash genannt), kann an den Gravatar-Service gesendet werden, um zu \u00fcberpr\u00fcfen, ob Sie diesen Service nutzen. Die Datenschutzbestimmungen f\u00fcr den Gravatar-Service finden Sie hier: https:\/\/automattic.com\/privacy\/. Nachdem Sie Ihren Kommentar freigeschaltet haben, wird Ihr Profilbild neben Ihrem Kommentar \u00f6ffentlich sichtbar.<\/p>\n<p> <\/p>\n<p><\/p>\n<p><\/p>\n<h2>Medien<\/h2>\n<p><\/p>\n<p><\/p>\n<p>Wenn Sie Bilder auf die Website hochladen, empfehlen wir Ihnen, das Hochladen von Bildern zu vermeiden, die EXIF-Daten von GPS-Koordinaten enthalten. Personen, die Ihre Website besuchen, k\u00f6nnen Standortdaten von diesen Bildern herunterladen und extrahieren.<\/p>\n<p> <\/p>\n<p><\/p>\n<p><\/p>\n<h2>Cookies<\/h2>\n<p><\/p>\n<p><\/p>\n<p>Wenn Sie einen Kommentar auf unserer Website abgeben, wird Ihnen angeboten, Ihren Namen, Ihre E-Mail-Adresse und Ihre Website in Cookies zu speichern. Dies ist nur zu Ihrer Bequemlichkeit, damit Sie diese Informationen nicht eingeben m\u00fcssen, wenn Sie sp\u00e4ter einen weiteren Kommentar abgeben. Diese Cookies laufen nach einem Jahr ab.<\/p>\n<p><\/p>\n<p><\/p>\n<p>Wenn Sie auf die Anmeldeseite gehen, wird ein tempor\u00e4res Cookie erstellt, um festzustellen, ob Ihr Browser Cookies akzeptiert. Sie enth\u00e4lt keine pers\u00f6nlichen Daten und wird automatisch gel\u00f6scht, wenn Sie Ihren Browser schlie\u00dfen.<\/p>\n<p><\/p>\n<p><\/p>\n<p>Wenn Sie sich einloggen, werden wir eine Reihe von Cookies setzen, um Ihre Anmeldeinformationen und Bildschirmeinstellungen zu speichern. Die Lebensdauer eines Verbindungs-Cookies betr\u00e4gt zwei Tage, die eines Bildschirmoptions-Cookies ein Jahr. Wenn Sie &#8220;An mich erinnern&#8221; ankreuzen, wird Ihr Anmelde-Cookie zwei Wochen lang gespeichert. Wenn Sie sich von Ihrem Konto abmelden, wird der Anmelde-Cookie gel\u00f6scht.<\/p>\n<p><\/p>\n<p><\/p>\n<p>Wenn Sie eine Publikation bearbeiten oder ver\u00f6ffentlichen, wird ein zus\u00e4tzliches Cookie in Ihrem Browser gespeichert. Dieses Cookie enth\u00e4lt keine pers\u00f6nlichen Daten. Er zeigt lediglich die ID der Publikation an, die Sie gerade bearbeitet haben. Er l\u00e4uft nach einem Tag ab.<\/p>\n<p> <\/p>\n<p><\/p>\n<p><\/p>\n<h2>Eingebettete Inhalte von anderen Websites<\/h2>\n<p><\/p>\n<p><\/p>\n<p>Die Artikel auf dieser Website k\u00f6nnen eingebettete Inhalte enthalten (z.B. Videos, Bilder, Artikel&#8230;). Inhalte, die von anderen Websites eingebunden werden, verhalten sich so, als ob der Besucher diese andere Website besuchen w\u00fcrde.<\/p>\n<p><\/p>\n<p><\/p>\n<p data-sider-select-id=\"2b551e65-d82a-4da2-88df-49cdcf733eb5\">Diese Webseiten k\u00f6nnen Daten \u00fcber Sie sammeln, Cookies verwenden, Tracking-Tools von Dritten einbetten und Ihre Interaktionen mit diesen eingebetteten Inhalten verfolgen, wenn Sie ein angemeldetes Konto auf ihrer Webseite haben.<\/p>\n<p data-sider-select-id=\"2b551e65-d82a-4da2-88df-49cdcf733eb5\"> <\/p>\n<p><\/p>\n<p><\/p>\n<h2>Nutzung und \u00dcbermittlung Ihrer pers\u00f6nlichen Daten<\/h2>\n<p><\/p>\n<p><\/p>\n<p>Wenn Sie ein Zur\u00fccksetzen Ihres Passworts anfordern, wird Ihre IP-Adresse in die E-Mail mit dem Zur\u00fccksetzen aufgenommen.<\/p>\n<p> <\/p>\n<p><\/p>\n<p><\/p>\n<h2>Dauer der Speicherung Ihrer Daten<\/h2>\n<p><\/p>\n<p><\/p>\n<p>Wenn Sie einen Kommentar hinterlassen, werden der Kommentar und seine Metadaten auf unbestimmte Zeit gespeichert. Dies erm\u00f6glicht es, nachfolgende Kommentare automatisch zu erkennen und zu genehmigen, anstatt sie in der Moderationswarteschlange zu belassen.<\/p>\n<p><\/p>\n<p><\/p>\n<p>F\u00fcr Konten, die sich auf unserer Website registrieren (falls zutreffend), speichern wir auch die pers\u00f6nlichen Daten, die in ihrem Profil angegeben sind. Alle Konten k\u00f6nnen ihre pers\u00f6nlichen Daten jederzeit einsehen, \u00e4ndern oder l\u00f6schen (mit Ausnahme ihres Benutzernamens). Die Verwalter der Website k\u00f6nnen diese Informationen ebenfalls einsehen und \u00e4ndern.<\/p>\n<p> <\/p>\n<p><\/p>\n<p><\/p>\n<h2>Die Rechte, die Sie \u00fcber Ihre Daten haben<\/h2>\n<p><\/p>\n<p><\/p>\n<p>Wenn Sie ein Konto haben oder Kommentare auf der Website hinterlassen haben, k\u00f6nnen Sie eine Datei anfordern, die alle pers\u00f6nlichen Daten enth\u00e4lt, die wir \u00fcber Sie gespeichert haben, einschlie\u00dflich der Daten, die Sie uns zur Verf\u00fcgung gestellt haben. Sie k\u00f6nnen auch die L\u00f6schung Ihrer pers\u00f6nlichen Daten verlangen. Dies gilt nicht f\u00fcr Daten, die f\u00fcr administrative oder gesetzliche Zwecke oder aus Sicherheitsgr\u00fcnden gespeichert werden.<\/p>\n<p> <\/p>\n<p><\/p>\n<p><\/p>\n<h2>\u00dcbermittlung Ihrer pers\u00f6nlichen Daten<\/h2>\n<p><\/p>\n<p><\/p>\n<p>Die Kommentare der Besucher k\u00f6nnen mit Hilfe eines automatisierten Dienstes zur Erkennung unerw\u00fcnschter Kommentare \u00fcberpr\u00fcft werden.<\/p>\n<p><\/p>\t\t\t\t\t\t\t\t<\/div>\n\t\t\t\t<\/div>\n\t\t\t\t\t<\/div>\n\t\t\t\t<\/div>\n\t\t\t\t<\/div>","protected":false},"excerpt":{"rendered":"<p>Datenschutzrichtlinie Wer sind wir? Die Adresse der Website &#8220;Der Finanzexperte&#8221; lautet: https: \/\/lexpertfinancier.pro. Nachstehend finden Sie die Regeln f\u00fcr den Umgang mit unseren Online-Inhalten. Kommentare Wenn Sie einen Kommentar auf unserer Website hinterlassen, werden die Daten, die Sie in das Kommentarformular eingegeben haben, sowie Ihre IP-Adresse und der User Agent Ihres Browsers gesammelt, um uns [&hellip;]<\/p>","protected":false},"author":1,"featured_media":0,"parent":0,"menu_order":0,"comment_status":"closed","ping_status":"closed","template":"","meta":{"site-sidebar-layout":"default","site-content-layout":"","ast-site-content-layout":"default","site-content-style":"default","site-sidebar-style":"default","ast-global-header-display":"","ast-banner-title-visibility":"","ast-main-header-display":"","ast-hfb-above-header-display":"","ast-hfb-below-header-display":"","ast-hfb-mobile-header-display":"","site-post-title":"","ast-breadcrumbs-content":"","ast-featured-img":"","footer-sml-layout":"","ast-disable-related-posts":"","theme-transparent-header-meta":"","adv-header-id-meta":"","stick-header-meta":"","header-above-stick-meta":"","header-main-stick-meta":"","header-below-stick-meta":"","astra-migrate-meta-layouts":"default","ast-page-background-enabled":"default","ast-page-background-meta":{"desktop":{"background-color":"","background-image":"","background-repeat":"repeat","background-position":"center center","background-size":"auto","background-attachment":"scroll","background-type":"","background-media":"","overlay-type":"","overlay-color":"","overlay-opacity":"","overlay-gradient":""},"tablet":{"background-color":"","background-image":"","background-repeat":"repeat","background-position":"center center","background-size":"auto","background-attachment":"scroll","background-type":"","background-media":"","overlay-type":"","overlay-color":"","overlay-opacity":"","overlay-gradient":""},"mobile":{"background-color":"","background-image":"","background-repeat":"repeat","background-position":"center center","background-size":"auto","background-attachment":"scroll","background-type":"","background-media":"","overlay-type":"","overlay-color":"","overlay-opacity":"","overlay-gradient":""}},"ast-content-background-meta":{"desktop":{"background-color":"var(--ast-global-color-5)","background-image":"","background-repeat":"repeat","background-position":"center center","background-size":"auto","background-attachment":"scroll","background-type":"","background-media":"","overlay-type":"","overlay-color":"","overlay-opacity":"","overlay-gradient":""},"tablet":{"background-color":"var(--ast-global-color-5)","background-image":"","background-repeat":"repeat","background-position":"center center","background-size":"auto","background-attachment":"scroll","background-type":"","background-media":"","overlay-type":"","overlay-color":"","overlay-opacity":"","overlay-gradient":""},"mobile":{"background-color":"var(--ast-global-color-5)","background-image":"","background-repeat":"repeat","background-position":"center center","background-size":"auto","background-attachment":"scroll","background-type":"","background-media":"","overlay-type":"","overlay-color":"","overlay-opacity":"","overlay-gradient":""}},"footnotes":""},"class_list":["post-1061","page","type-page","status-publish","hentry"],"yoast_head":"<!-- This site is optimized with the Yoast SEO plugin v27.2 - https:\/\/yoast.com\/product\/yoast-seo-wordpress\/ -->\n<title>Datenschutzrichtlinie - Licorne Capital<\/title>\n<meta name=\"robots\" content=\"index, follow, max-snippet:-1, max-image-preview:large, max-video-preview:-1\" \/>\n<link rel=\"canonical\" href=\"https:\/\/licornecapital.com\/lb\/datenschutzrichtlinie\/\" \/>\n<meta property=\"og:locale\" content=\"en_US\" \/>\n<meta property=\"og:type\" content=\"article\" \/>\n<meta property=\"og:title\" content=\"Datenschutzrichtlinie - Licorne Capital\" \/>\n<meta property=\"og:description\" content=\"Datenschutzrichtlinie Wer sind wir? Die Adresse der Website &#8220;Der Finanzexperte&#8221; lautet: https: \/\/lexpertfinancier.pro. Nachstehend finden Sie die Regeln f\u00fcr den Umgang mit unseren Online-Inhalten. Kommentare Wenn Sie einen Kommentar auf unserer Website hinterlassen, werden die Daten, die Sie in das Kommentarformular eingegeben haben, sowie Ihre IP-Adresse und der User Agent Ihres Browsers gesammelt, um uns [&hellip;]\" \/>\n<meta property=\"og:url\" content=\"https:\/\/licornecapital.com\/lb\/datenschutzrichtlinie\/\" \/>\n<meta property=\"og:site_name\" content=\"Licorne Capital\" \/>\n<meta property=\"article:modified_time\" content=\"2024-10-14T12:14:25+00:00\" \/>\n<meta property=\"og:image\" content=\"https:\/\/licornecapital.com\/wp-content\/uploads\/2024\/04\/luxembourg-in-pictures-beautiful-places-to-photograph-grand-ducal-palace.jpg\" \/>\n\t<meta property=\"og:image:width\" content=\"730\" \/>\n\t<meta property=\"og:image:height\" content=\"487\" \/>\n\t<meta property=\"og:image:type\" content=\"image\/jpeg\" \/>\n<meta name=\"twitter:card\" content=\"summary_large_image\" \/>\n<script type=\"application\/ld+json\" class=\"yoast-schema-graph\">{\"@context\":\"https:\/\/schema.org\",\"@graph\":[{\"@type\":\"WebPage\",\"@id\":\"https:\/\/licornecapital.com\/lb\/datenschutzrichtlinie\/\",\"url\":\"https:\/\/licornecapital.com\/lb\/datenschutzrichtlinie\/\",\"name\":\"Datenschutzrichtlinie - Licorne Capital\",\"isPartOf\":{\"@id\":\"https:\/\/licornecapital.com\/lb\/#website\"},\"primaryImageOfPage\":{\"@id\":\"https:\/\/licornecapital.com\/lb\/datenschutzrichtlinie\/#primaryimage\"},\"image\":{\"@id\":\"https:\/\/licornecapital.com\/lb\/datenschutzrichtlinie\/#primaryimage\"},\"thumbnailUrl\":\"https:\/\/licornecapital.com\/wp-content\/uploads\/2024\/04\/luxembourg-in-pictures-beautiful-places-to-photograph-grand-ducal-palace.jpg\",\"datePublished\":\"2021-06-29T18:35:25+00:00\",\"dateModified\":\"2024-10-14T12:14:25+00:00\",\"breadcrumb\":{\"@id\":\"https:\/\/licornecapital.com\/lb\/datenschutzrichtlinie\/#breadcrumb\"},\"inLanguage\":\"lu-DE\",\"potentialAction\":[{\"@type\":\"ReadAction\",\"target\":[\"https:\/\/licornecapital.com\/lb\/datenschutzrichtlinie\/\"]}]},{\"@type\":\"ImageObject\",\"inLanguage\":\"lu-DE\",\"@id\":\"https:\/\/licornecapital.com\/lb\/datenschutzrichtlinie\/#primaryimage\",\"url\":\"https:\/\/licornecapital.com\/wp-content\/uploads\/2024\/04\/luxembourg-in-pictures-beautiful-places-to-photograph-grand-ducal-palace.jpg\",\"contentUrl\":\"https:\/\/licornecapital.com\/wp-content\/uploads\/2024\/04\/luxembourg-in-pictures-beautiful-places-to-photograph-grand-ducal-palace.jpg\"},{\"@type\":\"BreadcrumbList\",\"@id\":\"https:\/\/licornecapital.com\/lb\/datenschutzrichtlinie\/#breadcrumb\",\"itemListElement\":[{\"@type\":\"ListItem\",\"position\":1,\"name\":\"Accueil\",\"item\":\"https:\/\/licornecapital.com\/lb\/heem\/\"},{\"@type\":\"ListItem\",\"position\":2,\"name\":\"Datenschutzrichtlinie\"}]},{\"@type\":\"WebSite\",\"@id\":\"https:\/\/licornecapital.com\/lb\/#website\",\"url\":\"https:\/\/licornecapital.com\/lb\/\",\"name\":\"Licorne capital\",\"description\":\"Ihr vereidigter Finanzexperte in Luxemburg\",\"publisher\":{\"@id\":\"https:\/\/licornecapital.com\/lb\/#organization\"},\"potentialAction\":[{\"@type\":\"SearchAction\",\"target\":{\"@type\":\"EntryPoint\",\"urlTemplate\":\"https:\/\/licornecapital.com\/lb\/?s={search_term_string}\"},\"query-input\":{\"@type\":\"PropertyValueSpecification\",\"valueRequired\":true,\"valueName\":\"search_term_string\"}}],\"inLanguage\":\"lu-DE\"},{\"@type\":\"Organization\",\"@id\":\"https:\/\/licornecapital.com\/lb\/#organization\",\"name\":\"Licorne capital\",\"url\":\"https:\/\/licornecapital.com\/lb\/\",\"logo\":{\"@type\":\"ImageObject\",\"inLanguage\":\"lu-DE\",\"@id\":\"https:\/\/licornecapital.com\/lb\/#\/schema\/logo\/image\/\",\"url\":\"https:\/\/licornecapital.com\/wp-content\/uploads\/2026\/02\/Logo-Licorne-Capitale-full400dpiCropped-scaled.png\",\"contentUrl\":\"https:\/\/licornecapital.com\/wp-content\/uploads\/2026\/02\/Logo-Licorne-Capitale-full400dpiCropped-scaled.png\",\"width\":1600,\"height\":545,\"caption\":\"Licorne capital\"},\"image\":{\"@id\":\"https:\/\/licornecapital.com\/lb\/#\/schema\/logo\/image\/\"},\"sameAs\":[\"https:\/\/www.linkedin.com\/in\/patrick-dan-piller-77a50769\"]}]}<\/script>\n<!-- \/ Yoast SEO plugin. -->","yoast_head_json":{"title":"Datenschutzrichtlinie - Licorne Capital","robots":{"index":"index","follow":"follow","max-snippet":"max-snippet:-1","max-image-preview":"max-image-preview:large","max-video-preview":"max-video-preview:-1"},"canonical":"https:\/\/licornecapital.com\/lb\/datenschutzrichtlinie\/","og_locale":"en_US","og_type":"article","og_title":"Datenschutzrichtlinie - Licorne Capital","og_description":"Datenschutzrichtlinie Wer sind wir? Die Adresse der Website &#8220;Der Finanzexperte&#8221; lautet: https: \/\/lexpertfinancier.pro. Nachstehend finden Sie die Regeln f\u00fcr den Umgang mit unseren Online-Inhalten. Kommentare Wenn Sie einen Kommentar auf unserer Website hinterlassen, werden die Daten, die Sie in das Kommentarformular eingegeben haben, sowie Ihre IP-Adresse und der User Agent Ihres Browsers gesammelt, um uns [&hellip;]","og_url":"https:\/\/licornecapital.com\/lb\/datenschutzrichtlinie\/","og_site_name":"Licorne Capital","article_modified_time":"2024-10-14T12:14:25+00:00","og_image":[{"width":730,"height":487,"url":"https:\/\/licornecapital.com\/wp-content\/uploads\/2024\/04\/luxembourg-in-pictures-beautiful-places-to-photograph-grand-ducal-palace.jpg","type":"image\/jpeg"}],"twitter_card":"summary_large_image","schema":{"@context":"https:\/\/schema.org","@graph":[{"@type":"WebPage","@id":"https:\/\/licornecapital.com\/lb\/datenschutzrichtlinie\/","url":"https:\/\/licornecapital.com\/lb\/datenschutzrichtlinie\/","name":"Datenschutzrichtlinie - Licorne Capital","isPartOf":{"@id":"https:\/\/licornecapital.com\/lb\/#website"},"primaryImageOfPage":{"@id":"https:\/\/licornecapital.com\/lb\/datenschutzrichtlinie\/#primaryimage"},"image":{"@id":"https:\/\/licornecapital.com\/lb\/datenschutzrichtlinie\/#primaryimage"},"thumbnailUrl":"https:\/\/licornecapital.com\/wp-content\/uploads\/2024\/04\/luxembourg-in-pictures-beautiful-places-to-photograph-grand-ducal-palace.jpg","datePublished":"2021-06-29T18:35:25+00:00","dateModified":"2024-10-14T12:14:25+00:00","breadcrumb":{"@id":"https:\/\/licornecapital.com\/lb\/datenschutzrichtlinie\/#breadcrumb"},"inLanguage":"lu-DE","potentialAction":[{"@type":"ReadAction","target":["https:\/\/licornecapital.com\/lb\/datenschutzrichtlinie\/"]}]},{"@type":"ImageObject","inLanguage":"lu-DE","@id":"https:\/\/licornecapital.com\/lb\/datenschutzrichtlinie\/#primaryimage","url":"https:\/\/licornecapital.com\/wp-content\/uploads\/2024\/04\/luxembourg-in-pictures-beautiful-places-to-photograph-grand-ducal-palace.jpg","contentUrl":"https:\/\/licornecapital.com\/wp-content\/uploads\/2024\/04\/luxembourg-in-pictures-beautiful-places-to-photograph-grand-ducal-palace.jpg"},{"@type":"BreadcrumbList","@id":"https:\/\/licornecapital.com\/lb\/datenschutzrichtlinie\/#breadcrumb","itemListElement":[{"@type":"ListItem","position":1,"name":"Accueil","item":"https:\/\/licornecapital.com\/lb\/heem\/"},{"@type":"ListItem","position":2,"name":"Datenschutzrichtlinie"}]},{"@type":"WebSite","@id":"https:\/\/licornecapital.com\/lb\/#website","url":"https:\/\/licornecapital.com\/lb\/","name":"Licorne capital","description":"Ihr vereidigter Finanzexperte in Luxemburg","publisher":{"@id":"https:\/\/licornecapital.com\/lb\/#organization"},"potentialAction":[{"@type":"SearchAction","target":{"@type":"EntryPoint","urlTemplate":"https:\/\/licornecapital.com\/lb\/?s={search_term_string}"},"query-input":{"@type":"PropertyValueSpecification","valueRequired":true,"valueName":"search_term_string"}}],"inLanguage":"lu-DE"},{"@type":"Organization","@id":"https:\/\/licornecapital.com\/lb\/#organization","name":"Licorne capital","url":"https:\/\/licornecapital.com\/lb\/","logo":{"@type":"ImageObject","inLanguage":"lu-DE","@id":"https:\/\/licornecapital.com\/lb\/#\/schema\/logo\/image\/","url":"https:\/\/licornecapital.com\/wp-content\/uploads\/2026\/02\/Logo-Licorne-Capitale-full400dpiCropped-scaled.png","contentUrl":"https:\/\/licornecapital.com\/wp-content\/uploads\/2026\/02\/Logo-Licorne-Capitale-full400dpiCropped-scaled.png","width":1600,"height":545,"caption":"Licorne capital"},"image":{"@id":"https:\/\/licornecapital.com\/lb\/#\/schema\/logo\/image\/"},"sameAs":["https:\/\/www.linkedin.com\/in\/patrick-dan-piller-77a50769"]}]}},"_links":{"self":[{"href":"https:\/\/licornecapital.com\/lb\/wp-json\/wp\/v2\/pages\/1061","targetHints":{"allow":["GET"]}}],"collection":[{"href":"https:\/\/licornecapital.com\/lb\/wp-json\/wp\/v2\/pages"}],"about":[{"href":"https:\/\/licornecapital.com\/lb\/wp-json\/wp\/v2\/types\/page"}],"author":[{"embeddable":true,"href":"https:\/\/licornecapital.com\/lb\/wp-json\/wp\/v2\/users\/1"}],"replies":[{"embeddable":true,"href":"https:\/\/licornecapital.com\/lb\/wp-json\/wp\/v2\/comments?post=1061"}],"version-history":[{"count":0,"href":"https:\/\/licornecapital.com\/lb\/wp-json\/wp\/v2\/pages\/1061\/revisions"}],"wp:attachment":[{"href":"https:\/\/licornecapital.com\/lb\/wp-json\/wp\/v2\/media?parent=1061"}],"curies":[{"name":"wp","href":"https:\/\/api.w.org\/{rel}","templated":true}]}}