{"id":1533,"date":"2026-03-09T17:26:20","date_gmt":"2026-03-09T16:26:20","guid":{"rendered":"https:\/\/dev.siccclic.com\/x-dateschutzbestimmungen-gdpr\/"},"modified":"2026-03-11T14:15:19","modified_gmt":"2026-03-11T13:15:19","slug":"x-dateschutzbestimmungen-gdpr","status":"publish","type":"page","link":"https:\/\/licornecapital.com\/lb\/x-dateschutzbestimmungen-gdpr\/","title":{"rendered":"X &#8211; Dateschutzbestimmungen (GDPR)"},"content":{"rendered":"<div data-elementor-type=\"wp-page\" data-elementor-id=\"1533\" class=\"elementor elementor-1533 elementor-1366\" data-elementor-post-type=\"page\">\n\t\t\t\t<div class=\"elementor-element elementor-element-4e5ad1f e-flex e-con-boxed e-con e-parent\" data-id=\"4e5ad1f\" data-element_type=\"container\" data-e-type=\"container\">\n\t\t\t\t\t<div class=\"e-con-inner\">\n\t\t<div class=\"elementor-element elementor-element-068db44 e-con-full e-flex e-con e-child\" data-id=\"068db44\" data-element_type=\"container\" data-e-type=\"container\">\n\t\t\t\t<div class=\"elementor-element elementor-element-56ae067 elementor-widget elementor-widget-heading\" data-id=\"56ae067\" data-element_type=\"widget\" data-e-type=\"widget\" data-widget_type=\"heading.default\">\n\t\t\t\t<div class=\"elementor-widget-container\">\n\t\t\t\t\t<h2 class=\"elementor-heading-title elementor-size-default\">Dateschutzbestimmungen (GDPR)<\/h2>\t\t\t\t<\/div>\n\t\t\t\t<\/div>\n\t\t\t\t<div class=\"elementor-element elementor-element-5bd7e34 elementor-widget elementor-widget-text-editor\" data-id=\"5bd7e34\" data-element_type=\"widget\" data-e-type=\"widget\" data-widget_type=\"text-editor.default\">\n\t\t\t\t<div class=\"elementor-widget-container\">\n\t\t\t\t\t\t\t\t\t<h3><strong>Dateschutz (DSGVO)<\/strong><\/h3><p class=\"p1\"><span class=\"s1\">D&#8217;Donn\u00e9e\u00ebn, d\u00e9i iwwer de Formulaire oder d&#8217;E-Mail gesammelt ginn (Numm, Kontaktdetailer), ginn vum Publikatiounsmanager veraarbecht, fir op Kontaktufroen ze reag\u00e9ieren. Si ginn un keng Dr\u00ebttpersounen, d\u00e9i kommerziell Entit\u00e9ite verkafen.<\/span><\/p><p class=\"p1\"><span class=\"s1\"> <\/span><\/p><h3><strong>Spezifesch Klausel: Beruffsgeheimnis a Vertraulechkeet<\/strong><\/h3><p><span class=\"s1\"> <\/span><\/p><p><span class=\"s1\"><b><\/b>W\u00e9inst der Natur vun de zertifiz\u00e9ierte Finanzexpertise-Servicer, d\u00e9i op d\u00ebser S\u00e4it present\u00e9iert ginn:<\/span><\/p><ol class=\"ol1\"><li class=\"li3\"><b><\/b><span class=\"s1\"><b>Strikt Geheimhaltung:<\/b> All Donn\u00e9e\u00ebn, d\u00e9i am Kader vun engem &#8220;Vertraulechen Austausch&#8221; iwwerdroe ginn, sinn \u00ebnner dem Beruffsgeheimnis gedeckt, deen mam Status als vereedegten Expert virun de l\u00ebtzebuergesche Geriichter verbonnen ass.<br><\/span><\/li><li class=\"li3\"><b><\/b><span class=\"s1\"><b>Dokumentintegrit\u00e9it:<\/b> Dokumenter, d\u00e9i fir d&#8217;Analyse agereecht ginn, ginn a s\u00e9cheren \u00cbmfeld gesp\u00e4ichert a si sinn n\u00ebmme fir den Expert zoug\u00e4nglech, deen fir d&#8217;Missioun zoust\u00e4nneg ass.<br><\/span><\/li><li class=\"li3\"><b><\/b><span class=\"s1\"><b>Justiziell Kommunikatioun:<\/b> Keng Informatioune ginn un Dr\u00ebttpersoune weiderginn, ausser op geriichtlecher Ufro oder am strikte Kader vun der vun engem Geriicht ugeuerdneter Expertenmissioun.<\/span><\/li><\/ol><div> <\/div><h3 class=\"p4\"><strong>Dateverantwortlechen<\/strong><\/h3><p class=\"p3\"><span class=\"s1\">De Verantwortleche fir d&#8217;Donn\u00e9e\u00ebveraarbechtung ass de Patrick Dan PILLER am Numm vu Licorne Capital.<\/span><\/p><p class=\"p3\"><span class=\"s1\"> <\/span><\/p><h3 class=\"p4\"><strong>Zweck vun der Veraarbechtung<\/strong><\/h3><p class=\"p3\"><span class=\"s1\">D&#8217;Donn\u00e9e\u00eb ginn gesammelt fir:<\/span><\/p><ol class=\"ol1\"><li class=\"li3\"><span class=\"s1\">\u00c4ntwert op \u00c4r Ufroen fir Informatiounen oder Offeren.<\/span><\/li><li class=\"li3\"><span class=\"s1\">Clientrelatiounsmanagement a Rendez-vous plangen.<\/span><\/li><li class=\"li3\"><span class=\"s1\">Erf\u00ebllung vu gesetzlechen an etheschen Verpflichtungen am Zesummenhang mat geriichtlechen oder fr\u00ebndschaftleche Bew\u00e4ertunge vun Experten.<\/span><\/li><\/ol><div> <\/div><h3 class=\"p4\"><strong>Rechtsgrondlag<\/strong><\/h3><p class=\"p3\"><span class=\"s1\">D&#8217;Veraarbechtung bas\u00e9iert op dem legitime Interesse vum Editeur fir op Kontaktufroen ze reag\u00e9ieren oder op der \u00cbmsetzung vu virvertragleche Moossnamen.<\/span><\/p><p class=\"p3\"><span class=\"s1\"> <\/span><\/p><h3 class=\"p4\"><strong>Datesp\u00e4icherung<\/strong><\/h3><p class=\"p3\"><span class=\"s1\">Kontaktdetailer ginn fir eng Period vun 3 Joer nom leschten Austausch gesp\u00e4ichert, ausser et g\u00ebtt eng Expertenmissioun duerchgefouert (an deem Fall g\u00ebllen d&#8217;Sp\u00e4icherfristen fir juristesch Beruffer).<\/span><\/p><p class=\"p3\"><span class=\"s1\"> <\/span><\/p><h3 class=\"p4\"><strong>Datendeelen<\/strong><\/h3><p class=\"p3\"><span class=\"s1\">\u00c4r Donn\u00e9e\u00eb sinn streng vertraulech. Si ginn ni verkaaft. Si k\u00ebnnen n\u00ebmmen am strikte Kader vum l\u00ebtzebuergesche Recht un d&#8217;Justizautorit\u00e9ite weiderginn ginn.<\/span><\/p><p class=\"p3\"><span class=\"s1\"> <\/span><\/p><h3 class=\"p4\"><strong>\u00c4r Rechter<\/strong><\/h3><p class=\"p3\"><span class=\"s1\">Am Aklang mat der Allgemenger Dateschutzveruerdnung (DSGVO) hutt Dir d&#8217;Recht op Zougang zu \u00c4ren Donn\u00e9e\u00ebn, hir Berichtigung, d&#8217;L\u00e4schung an d&#8217;Transportatioun. Dir k\u00ebnnt d\u00ebs Rechter aus\u00fcben andeems Dir eng Schreifweis un d&#8217;Persounenadress kontakt\u00e9iert: <b>contact@licornecapital.com<\/b> .<\/span><\/p>\t\t\t\t\t\t\t\t<\/div>\n\t\t\t\t<\/div>\n\t\t\t\t<\/div>\n\t\t\t\t\t<\/div>\n\t\t\t\t<\/div>\n\t\t\t\t<\/div>","protected":false},"excerpt":{"rendered":"<p>Dateschutzbestimmungen (GDPR) Dateschutz (DSGVO) D&#8217;Donn\u00e9e\u00ebn, d\u00e9i iwwer de Formulaire oder d&#8217;E-Mail gesammelt ginn (Numm, Kontaktdetailer), ginn vum Publikatiounsmanager veraarbecht, fir op Kontaktufroen ze reag\u00e9ieren. Si ginn un keng Dr\u00ebttpersounen, d\u00e9i kommerziell Entit\u00e9ite verkafen. Spezifesch Klausel: Beruffsgeheimnis a Vertraulechkeet W\u00e9inst der Natur vun de zertifiz\u00e9ierte Finanzexpertise-Servicer, d\u00e9i op d\u00ebser S\u00e4it present\u00e9iert ginn: Strikt Geheimhaltung: All Donn\u00e9e\u00ebn, [&hellip;]<\/p>","protected":false},"author":1,"featured_media":0,"parent":0,"menu_order":0,"comment_status":"closed","ping_status":"closed","template":"","meta":{"site-sidebar-layout":"no-sidebar","site-content-layout":"page-builder","ast-site-content-layout":"full-width-container","site-content-style":"default","site-sidebar-style":"default","ast-global-header-display":"","ast-banner-title-visibility":"","ast-main-header-display":"","ast-hfb-above-header-display":"","ast-hfb-below-header-display":"","ast-hfb-mobile-header-display":"","site-post-title":"","ast-breadcrumbs-content":"","ast-featured-img":"disabled","footer-sml-layout":"","ast-disable-related-posts":"","theme-transparent-header-meta":"","adv-header-id-meta":"","stick-header-meta":"","header-above-stick-meta":"","header-main-stick-meta":"","header-below-stick-meta":"","astra-migrate-meta-layouts":"default","ast-page-background-enabled":"default","ast-page-background-meta":{"desktop":{"background-color":"","background-image":"","background-repeat":"repeat","background-position":"center center","background-size":"auto","background-attachment":"scroll","background-type":"","background-media":"","overlay-type":"","overlay-color":"","overlay-opacity":"","overlay-gradient":""},"tablet":{"background-color":"","background-image":"","background-repeat":"repeat","background-position":"center center","background-size":"auto","background-attachment":"scroll","background-type":"","background-media":"","overlay-type":"","overlay-color":"","overlay-opacity":"","overlay-gradient":""},"mobile":{"background-color":"","background-image":"","background-repeat":"repeat","background-position":"center center","background-size":"auto","background-attachment":"scroll","background-type":"","background-media":"","overlay-type":"","overlay-color":"","overlay-opacity":"","overlay-gradient":""}},"ast-content-background-meta":{"desktop":{"background-color":"var(--ast-global-color-5)","background-image":"","background-repeat":"repeat","background-position":"center center","background-size":"auto","background-attachment":"scroll","background-type":"","background-media":"","overlay-type":"","overlay-color":"","overlay-opacity":"","overlay-gradient":""},"tablet":{"background-color":"var(--ast-global-color-5)","background-image":"","background-repeat":"repeat","background-position":"center center","background-size":"auto","background-attachment":"scroll","background-type":"","background-media":"","overlay-type":"","overlay-color":"","overlay-opacity":"","overlay-gradient":""},"mobile":{"background-color":"var(--ast-global-color-5)","background-image":"","background-repeat":"repeat","background-position":"center center","background-size":"auto","background-attachment":"scroll","background-type":"","background-media":"","overlay-type":"","overlay-color":"","overlay-opacity":"","overlay-gradient":""}},"footnotes":""},"class_list":["post-1533","page","type-page","status-publish","hentry"],"yoast_head":"<!-- This site is optimized with the Yoast SEO plugin v27.2 - https:\/\/yoast.com\/product\/yoast-seo-wordpress\/ -->\n<title>X - Dateschutzbestimmungen (GDPR) - Licorne Capital<\/title>\n<meta name=\"robots\" content=\"index, follow, max-snippet:-1, max-image-preview:large, max-video-preview:-1\" \/>\n<link rel=\"canonical\" href=\"https:\/\/licornecapital.com\/lb\/x-dateschutzbestimmungen-gdpr\/\" \/>\n<meta property=\"og:locale\" content=\"en_US\" \/>\n<meta property=\"og:type\" content=\"article\" \/>\n<meta property=\"og:title\" content=\"X - Dateschutzbestimmungen (GDPR) - Licorne Capital\" \/>\n<meta property=\"og:description\" content=\"Dateschutzbestimmungen (GDPR) Dateschutz (DSGVO) D&#8217;Donn\u00e9e\u00ebn, d\u00e9i iwwer de Formulaire oder d&#8217;E-Mail gesammelt ginn (Numm, Kontaktdetailer), ginn vum Publikatiounsmanager veraarbecht, fir op Kontaktufroen ze reag\u00e9ieren. Si ginn un keng Dr\u00ebttpersounen, d\u00e9i kommerziell Entit\u00e9ite verkafen. Spezifesch Klausel: Beruffsgeheimnis a Vertraulechkeet W\u00e9inst der Natur vun de zertifiz\u00e9ierte Finanzexpertise-Servicer, d\u00e9i op d\u00ebser S\u00e4it present\u00e9iert ginn: Strikt Geheimhaltung: All Donn\u00e9e\u00ebn, [&hellip;]\" \/>\n<meta property=\"og:url\" content=\"https:\/\/licornecapital.com\/lb\/x-dateschutzbestimmungen-gdpr\/\" \/>\n<meta property=\"og:site_name\" content=\"Licorne Capital\" \/>\n<meta property=\"article:modified_time\" content=\"2026-03-11T13:15:19+00:00\" \/>\n<meta property=\"og:image\" content=\"https:\/\/licornecapital.com\/wp-content\/uploads\/2026\/03\/Logo-Licorne-Capitale-512-crop.png\" \/>\n\t<meta property=\"og:image:width\" content=\"512\" \/>\n\t<meta property=\"og:image:height\" content=\"187\" \/>\n\t<meta property=\"og:image:type\" content=\"image\/png\" \/>\n<meta name=\"twitter:card\" content=\"summary_large_image\" \/>\n<script type=\"application\/ld+json\" class=\"yoast-schema-graph\">{\"@context\":\"https:\/\/schema.org\",\"@graph\":[{\"@type\":\"WebPage\",\"@id\":\"https:\/\/licornecapital.com\/lb\/x-dateschutzbestimmungen-gdpr\/\",\"url\":\"https:\/\/licornecapital.com\/lb\/x-dateschutzbestimmungen-gdpr\/\",\"name\":\"X - Dateschutzbestimmungen (GDPR) - Licorne Capital\",\"isPartOf\":{\"@id\":\"https:\/\/licornecapital.com\/lb\/#website\"},\"datePublished\":\"2026-03-09T16:26:20+00:00\",\"dateModified\":\"2026-03-11T13:15:19+00:00\",\"breadcrumb\":{\"@id\":\"https:\/\/licornecapital.com\/lb\/x-dateschutzbestimmungen-gdpr\/#breadcrumb\"},\"inLanguage\":\"lu-DE\",\"potentialAction\":[{\"@type\":\"ReadAction\",\"target\":[\"https:\/\/licornecapital.com\/lb\/x-dateschutzbestimmungen-gdpr\/\"]}]},{\"@type\":\"BreadcrumbList\",\"@id\":\"https:\/\/licornecapital.com\/lb\/x-dateschutzbestimmungen-gdpr\/#breadcrumb\",\"itemListElement\":[{\"@type\":\"ListItem\",\"position\":1,\"name\":\"Accueil\",\"item\":\"https:\/\/licornecapital.com\/lb\/heem\/\"},{\"@type\":\"ListItem\",\"position\":2,\"name\":\"X &#8211; Dateschutzbestimmungen (GDPR)\"}]},{\"@type\":\"WebSite\",\"@id\":\"https:\/\/licornecapital.com\/lb\/#website\",\"url\":\"https:\/\/licornecapital.com\/lb\/\",\"name\":\"Licorne capital\",\"description\":\"Ihr vereidigter Finanzexperte in Luxemburg\",\"publisher\":{\"@id\":\"https:\/\/licornecapital.com\/lb\/#organization\"},\"potentialAction\":[{\"@type\":\"SearchAction\",\"target\":{\"@type\":\"EntryPoint\",\"urlTemplate\":\"https:\/\/licornecapital.com\/lb\/?s={search_term_string}\"},\"query-input\":{\"@type\":\"PropertyValueSpecification\",\"valueRequired\":true,\"valueName\":\"search_term_string\"}}],\"inLanguage\":\"lu-DE\"},{\"@type\":\"Organization\",\"@id\":\"https:\/\/licornecapital.com\/lb\/#organization\",\"name\":\"Licorne capital\",\"url\":\"https:\/\/licornecapital.com\/lb\/\",\"logo\":{\"@type\":\"ImageObject\",\"inLanguage\":\"lu-DE\",\"@id\":\"https:\/\/licornecapital.com\/lb\/#\/schema\/logo\/image\/\",\"url\":\"https:\/\/licornecapital.com\/wp-content\/uploads\/2026\/02\/Logo-Licorne-Capitale-full400dpiCropped-scaled.png\",\"contentUrl\":\"https:\/\/licornecapital.com\/wp-content\/uploads\/2026\/02\/Logo-Licorne-Capitale-full400dpiCropped-scaled.png\",\"width\":1600,\"height\":545,\"caption\":\"Licorne capital\"},\"image\":{\"@id\":\"https:\/\/licornecapital.com\/lb\/#\/schema\/logo\/image\/\"},\"sameAs\":[\"https:\/\/www.linkedin.com\/in\/patrick-dan-piller-77a50769\"]}]}<\/script>\n<!-- \/ Yoast SEO plugin. -->","yoast_head_json":{"title":"X - Dateschutzbestimmungen (GDPR) - Licorne Capital","robots":{"index":"index","follow":"follow","max-snippet":"max-snippet:-1","max-image-preview":"max-image-preview:large","max-video-preview":"max-video-preview:-1"},"canonical":"https:\/\/licornecapital.com\/lb\/x-dateschutzbestimmungen-gdpr\/","og_locale":"en_US","og_type":"article","og_title":"X - Dateschutzbestimmungen (GDPR) - Licorne Capital","og_description":"Dateschutzbestimmungen (GDPR) Dateschutz (DSGVO) D&#8217;Donn\u00e9e\u00ebn, d\u00e9i iwwer de Formulaire oder d&#8217;E-Mail gesammelt ginn (Numm, Kontaktdetailer), ginn vum Publikatiounsmanager veraarbecht, fir op Kontaktufroen ze reag\u00e9ieren. Si ginn un keng Dr\u00ebttpersounen, d\u00e9i kommerziell Entit\u00e9ite verkafen. Spezifesch Klausel: Beruffsgeheimnis a Vertraulechkeet W\u00e9inst der Natur vun de zertifiz\u00e9ierte Finanzexpertise-Servicer, d\u00e9i op d\u00ebser S\u00e4it present\u00e9iert ginn: Strikt Geheimhaltung: All Donn\u00e9e\u00ebn, [&hellip;]","og_url":"https:\/\/licornecapital.com\/lb\/x-dateschutzbestimmungen-gdpr\/","og_site_name":"Licorne Capital","article_modified_time":"2026-03-11T13:15:19+00:00","og_image":[{"width":512,"height":187,"url":"https:\/\/licornecapital.com\/wp-content\/uploads\/2026\/03\/Logo-Licorne-Capitale-512-crop.png","type":"image\/png"}],"twitter_card":"summary_large_image","schema":{"@context":"https:\/\/schema.org","@graph":[{"@type":"WebPage","@id":"https:\/\/licornecapital.com\/lb\/x-dateschutzbestimmungen-gdpr\/","url":"https:\/\/licornecapital.com\/lb\/x-dateschutzbestimmungen-gdpr\/","name":"X - Dateschutzbestimmungen (GDPR) - Licorne Capital","isPartOf":{"@id":"https:\/\/licornecapital.com\/lb\/#website"},"datePublished":"2026-03-09T16:26:20+00:00","dateModified":"2026-03-11T13:15:19+00:00","breadcrumb":{"@id":"https:\/\/licornecapital.com\/lb\/x-dateschutzbestimmungen-gdpr\/#breadcrumb"},"inLanguage":"lu-DE","potentialAction":[{"@type":"ReadAction","target":["https:\/\/licornecapital.com\/lb\/x-dateschutzbestimmungen-gdpr\/"]}]},{"@type":"BreadcrumbList","@id":"https:\/\/licornecapital.com\/lb\/x-dateschutzbestimmungen-gdpr\/#breadcrumb","itemListElement":[{"@type":"ListItem","position":1,"name":"Accueil","item":"https:\/\/licornecapital.com\/lb\/heem\/"},{"@type":"ListItem","position":2,"name":"X &#8211; Dateschutzbestimmungen (GDPR)"}]},{"@type":"WebSite","@id":"https:\/\/licornecapital.com\/lb\/#website","url":"https:\/\/licornecapital.com\/lb\/","name":"Licorne capital","description":"Ihr vereidigter Finanzexperte in Luxemburg","publisher":{"@id":"https:\/\/licornecapital.com\/lb\/#organization"},"potentialAction":[{"@type":"SearchAction","target":{"@type":"EntryPoint","urlTemplate":"https:\/\/licornecapital.com\/lb\/?s={search_term_string}"},"query-input":{"@type":"PropertyValueSpecification","valueRequired":true,"valueName":"search_term_string"}}],"inLanguage":"lu-DE"},{"@type":"Organization","@id":"https:\/\/licornecapital.com\/lb\/#organization","name":"Licorne capital","url":"https:\/\/licornecapital.com\/lb\/","logo":{"@type":"ImageObject","inLanguage":"lu-DE","@id":"https:\/\/licornecapital.com\/lb\/#\/schema\/logo\/image\/","url":"https:\/\/licornecapital.com\/wp-content\/uploads\/2026\/02\/Logo-Licorne-Capitale-full400dpiCropped-scaled.png","contentUrl":"https:\/\/licornecapital.com\/wp-content\/uploads\/2026\/02\/Logo-Licorne-Capitale-full400dpiCropped-scaled.png","width":1600,"height":545,"caption":"Licorne capital"},"image":{"@id":"https:\/\/licornecapital.com\/lb\/#\/schema\/logo\/image\/"},"sameAs":["https:\/\/www.linkedin.com\/in\/patrick-dan-piller-77a50769"]}]}},"_links":{"self":[{"href":"https:\/\/licornecapital.com\/lb\/wp-json\/wp\/v2\/pages\/1533","targetHints":{"allow":["GET"]}}],"collection":[{"href":"https:\/\/licornecapital.com\/lb\/wp-json\/wp\/v2\/pages"}],"about":[{"href":"https:\/\/licornecapital.com\/lb\/wp-json\/wp\/v2\/types\/page"}],"author":[{"embeddable":true,"href":"https:\/\/licornecapital.com\/lb\/wp-json\/wp\/v2\/users\/1"}],"replies":[{"embeddable":true,"href":"https:\/\/licornecapital.com\/lb\/wp-json\/wp\/v2\/comments?post=1533"}],"version-history":[{"count":1,"href":"https:\/\/licornecapital.com\/lb\/wp-json\/wp\/v2\/pages\/1533\/revisions"}],"predecessor-version":[{"id":1535,"href":"https:\/\/licornecapital.com\/lb\/wp-json\/wp\/v2\/pages\/1533\/revisions\/1535"}],"wp:attachment":[{"href":"https:\/\/licornecapital.com\/lb\/wp-json\/wp\/v2\/media?parent=1533"}],"curies":[{"name":"wp","href":"https:\/\/api.w.org\/{rel}","templated":true}]}}