{"id":1540,"date":"2026-03-09T17:23:30","date_gmt":"2026-03-09T16:23:30","guid":{"rendered":"https:\/\/dev.siccclic.com\/x-allgemeng-benotzungsbedingungen-agb\/"},"modified":"2026-03-11T14:15:20","modified_gmt":"2026-03-11T13:15:20","slug":"x-allgemeng-benotzungsbedingungen-agb","status":"publish","type":"page","link":"https:\/\/licornecapital.com\/lb\/x-allgemeng-benotzungsbedingungen-agb\/","title":{"rendered":"X &#8211; Allgemeng Benotzungsbedingungen (AGB)"},"content":{"rendered":"<div data-elementor-type=\"wp-page\" data-elementor-id=\"1540\" class=\"elementor elementor-1540 elementor-1361\" data-elementor-post-type=\"page\">\n\t\t\t\t<div class=\"elementor-element elementor-element-66b4d79 e-flex e-con-boxed e-con e-parent\" data-id=\"66b4d79\" data-element_type=\"container\" data-e-type=\"container\">\n\t\t\t\t\t<div class=\"e-con-inner\">\n\t\t<div class=\"elementor-element elementor-element-fd7006b e-con-full e-flex e-con e-child\" data-id=\"fd7006b\" data-element_type=\"container\" data-e-type=\"container\">\n\t\t\t\t<div class=\"elementor-element elementor-element-a254e53 elementor-widget elementor-widget-heading\" data-id=\"a254e53\" data-element_type=\"widget\" data-e-type=\"widget\" data-widget_type=\"heading.default\">\n\t\t\t\t<div class=\"elementor-widget-container\">\n\t\t\t\t\t<h2 class=\"elementor-heading-title elementor-size-default\">Allgemeng Benotzungsbedingungen (AGB)<\/h2>\t\t\t\t<\/div>\n\t\t\t\t<\/div>\n\t\t\t\t<div class=\"elementor-element elementor-element-d300631 elementor-widget elementor-widget-text-editor\" data-id=\"d300631\" data-element_type=\"widget\" data-e-type=\"widget\" data-widget_type=\"text-editor.default\">\n\t\t\t\t<div class=\"elementor-widget-container\">\n\t\t\t\t\t\t\t\t\t<h3 class=\"p1\"><span class=\"s1\"><b>Objet<\/b><\/span><\/h3>\n<p class=\"p2\"><span class=\"s1\">Den Zweck vun d\u00ebse Konditioune ass et, d&#8217;Konditioune fir d&#8217;Zoug\u00e4nglechkeet vun der Webs\u00e4it an d&#8217;Benotzungsbedingunge vum Benotzer ze defin\u00e9ieren.<br><br><\/span><\/p>\n<h3 class=\"p1\"><span class=\"s1\"><b>Zougang zu der S\u00e4it<\/b><\/span><\/h3>\n<p class=\"p2\"><span class=\"s1\">Den Zougang zu der S\u00e4it ass gratis. Den Editeur bem\u00e9it sech, e qualitativ h\u00e9ichw\u00e4ertegen Zougang ze garant\u00e9ieren, ass awer net un eng Verpflichtung iwwer d&#8217;Resultater am Zesummenhang mat der technescher Disponibilit\u00e9it gebonnen. <br><br><\/span><\/p>\n<h3 class=\"p1\"><span class=\"s1\"><b>Intellektuellt Eegentum<\/b><\/span><\/h3>\n<p class=\"p2\"><span class=\"s1\">All Inhalt (Texter, Logoen, Struktur) ass den exklusiven Eegentum vu Licorne Capital oder Patrick Dan Piller. All Reproduktioun, och deelweis, ouni viraus schr\u00ebftlech Autorisatioun ass verbueden a stellt eng Verletzung vum Urheberrecht duer. <br><br><\/span><\/p>\n<h3 class=\"p1\"><span class=\"s1\"><b>Verantwortung<\/b><\/span><\/h3>\n<p class=\"p2\"><span class=\"s1\">D&#8217;Informatiounen, d\u00e9i op d\u00ebser Webs\u00e4it publiz\u00e9iert ginn, ginn n\u00ebmme fir Informatiounszwecker zur Verf\u00fcgung gestallt, wat d&#8217;Qualifikatioune vum Expert ugeet. Si sollen net als finanziell oder juristesch Berodung oder als personalis\u00e9iert Expertenmeenung interpret\u00e9iert ginn. Den Editeur kann net haftbar gemaach ginn fir d&#8217;Benotzung vun den Informatiounen op d\u00ebser Webs\u00e4it.  <br><br><\/span><\/p>\n<h3 class=\"p1\"><span class=\"s1\"><b>Uwendbar Recht<\/b><\/span><\/h3>\n<p class=\"p2\"><span class=\"s1\">D\u00ebs Webs\u00e4it an hir juristesch Notizen \u00ebnnerleien dem l\u00ebtzebuergesche Recht. Am Fall vun engem Str\u00e4itfall sinn d&#8217;Geriichter vun der Stad L\u00ebtzebuerg ausschliesslech zoust\u00e4nneg. <\/span><\/p>\t\t\t\t\t\t\t\t<\/div>\n\t\t\t\t<\/div>\n\t\t\t\t<\/div>\n\t\t\t\t\t<\/div>\n\t\t\t\t<\/div>\n\t\t\t\t<\/div>","protected":false},"excerpt":{"rendered":"<p>Allgemeng Benotzungsbedingungen (AGB) Objet Den Zweck vun d\u00ebse Konditioune ass et, d&#8217;Konditioune fir d&#8217;Zoug\u00e4nglechkeet vun der Webs\u00e4it an d&#8217;Benotzungsbedingunge vum Benotzer ze defin\u00e9ieren. Zougang zu der S\u00e4it Den Zougang zu der S\u00e4it ass gratis. Den Editeur bem\u00e9it sech, e qualitativ h\u00e9ichw\u00e4ertegen Zougang ze garant\u00e9ieren, ass awer net un eng Verpflichtung iwwer d&#8217;Resultater am Zesummenhang mat [&hellip;]<\/p>","protected":false},"author":1,"featured_media":0,"parent":0,"menu_order":0,"comment_status":"closed","ping_status":"closed","template":"","meta":{"site-sidebar-layout":"no-sidebar","site-content-layout":"page-builder","ast-site-content-layout":"full-width-container","site-content-style":"default","site-sidebar-style":"default","ast-global-header-display":"","ast-banner-title-visibility":"","ast-main-header-display":"","ast-hfb-above-header-display":"","ast-hfb-below-header-display":"","ast-hfb-mobile-header-display":"","site-post-title":"","ast-breadcrumbs-content":"","ast-featured-img":"disabled","footer-sml-layout":"","ast-disable-related-posts":"","theme-transparent-header-meta":"","adv-header-id-meta":"","stick-header-meta":"","header-above-stick-meta":"","header-main-stick-meta":"","header-below-stick-meta":"","astra-migrate-meta-layouts":"default","ast-page-background-enabled":"default","ast-page-background-meta":{"desktop":{"background-color":"","background-image":"","background-repeat":"repeat","background-position":"center center","background-size":"auto","background-attachment":"scroll","background-type":"","background-media":"","overlay-type":"","overlay-color":"","overlay-opacity":"","overlay-gradient":""},"tablet":{"background-color":"","background-image":"","background-repeat":"repeat","background-position":"center center","background-size":"auto","background-attachment":"scroll","background-type":"","background-media":"","overlay-type":"","overlay-color":"","overlay-opacity":"","overlay-gradient":""},"mobile":{"background-color":"","background-image":"","background-repeat":"repeat","background-position":"center center","background-size":"auto","background-attachment":"scroll","background-type":"","background-media":"","overlay-type":"","overlay-color":"","overlay-opacity":"","overlay-gradient":""}},"ast-content-background-meta":{"desktop":{"background-color":"var(--ast-global-color-5)","background-image":"","background-repeat":"repeat","background-position":"center center","background-size":"auto","background-attachment":"scroll","background-type":"","background-media":"","overlay-type":"","overlay-color":"","overlay-opacity":"","overlay-gradient":""},"tablet":{"background-color":"var(--ast-global-color-5)","background-image":"","background-repeat":"repeat","background-position":"center center","background-size":"auto","background-attachment":"scroll","background-type":"","background-media":"","overlay-type":"","overlay-color":"","overlay-opacity":"","overlay-gradient":""},"mobile":{"background-color":"var(--ast-global-color-5)","background-image":"","background-repeat":"repeat","background-position":"center center","background-size":"auto","background-attachment":"scroll","background-type":"","background-media":"","overlay-type":"","overlay-color":"","overlay-opacity":"","overlay-gradient":""}},"footnotes":""},"class_list":["post-1540","page","type-page","status-publish","hentry"],"yoast_head":"<!-- This site is optimized with the Yoast SEO plugin v27.2 - https:\/\/yoast.com\/product\/yoast-seo-wordpress\/ -->\n<title>X - Allgemeng Benotzungsbedingungen (AGB) - Licorne Capital<\/title>\n<meta name=\"robots\" content=\"index, follow, max-snippet:-1, max-image-preview:large, max-video-preview:-1\" \/>\n<link rel=\"canonical\" href=\"https:\/\/licornecapital.com\/lb\/x-allgemeng-benotzungsbedingungen-agb\/\" \/>\n<meta property=\"og:locale\" content=\"en_US\" \/>\n<meta property=\"og:type\" content=\"article\" \/>\n<meta property=\"og:title\" content=\"X - Allgemeng Benotzungsbedingungen (AGB) - Licorne Capital\" \/>\n<meta property=\"og:description\" content=\"Allgemeng Benotzungsbedingungen (AGB) Objet Den Zweck vun d\u00ebse Konditioune ass et, d&#8217;Konditioune fir d&#8217;Zoug\u00e4nglechkeet vun der Webs\u00e4it an d&#8217;Benotzungsbedingunge vum Benotzer ze defin\u00e9ieren. Zougang zu der S\u00e4it Den Zougang zu der S\u00e4it ass gratis. Den Editeur bem\u00e9it sech, e qualitativ h\u00e9ichw\u00e4ertegen Zougang ze garant\u00e9ieren, ass awer net un eng Verpflichtung iwwer d&#8217;Resultater am Zesummenhang mat [&hellip;]\" \/>\n<meta property=\"og:url\" content=\"https:\/\/licornecapital.com\/lb\/x-allgemeng-benotzungsbedingungen-agb\/\" \/>\n<meta property=\"og:site_name\" content=\"Licorne Capital\" \/>\n<meta property=\"article:modified_time\" content=\"2026-03-11T13:15:20+00:00\" \/>\n<meta property=\"og:image\" content=\"https:\/\/licornecapital.com\/wp-content\/uploads\/2026\/03\/Logo-Licorne-Capitale-512-crop.png\" \/>\n\t<meta property=\"og:image:width\" content=\"512\" \/>\n\t<meta property=\"og:image:height\" content=\"187\" \/>\n\t<meta property=\"og:image:type\" content=\"image\/png\" \/>\n<meta name=\"twitter:card\" content=\"summary_large_image\" \/>\n<script type=\"application\/ld+json\" class=\"yoast-schema-graph\">{\"@context\":\"https:\/\/schema.org\",\"@graph\":[{\"@type\":\"WebPage\",\"@id\":\"https:\/\/licornecapital.com\/lb\/x-allgemeng-benotzungsbedingungen-agb\/\",\"url\":\"https:\/\/licornecapital.com\/lb\/x-allgemeng-benotzungsbedingungen-agb\/\",\"name\":\"X - Allgemeng Benotzungsbedingungen (AGB) - Licorne Capital\",\"isPartOf\":{\"@id\":\"https:\/\/licornecapital.com\/lb\/#website\"},\"datePublished\":\"2026-03-09T16:23:30+00:00\",\"dateModified\":\"2026-03-11T13:15:20+00:00\",\"breadcrumb\":{\"@id\":\"https:\/\/licornecapital.com\/lb\/x-allgemeng-benotzungsbedingungen-agb\/#breadcrumb\"},\"inLanguage\":\"lu-DE\",\"potentialAction\":[{\"@type\":\"ReadAction\",\"target\":[\"https:\/\/licornecapital.com\/lb\/x-allgemeng-benotzungsbedingungen-agb\/\"]}]},{\"@type\":\"BreadcrumbList\",\"@id\":\"https:\/\/licornecapital.com\/lb\/x-allgemeng-benotzungsbedingungen-agb\/#breadcrumb\",\"itemListElement\":[{\"@type\":\"ListItem\",\"position\":1,\"name\":\"Accueil\",\"item\":\"https:\/\/licornecapital.com\/lb\/heem\/\"},{\"@type\":\"ListItem\",\"position\":2,\"name\":\"X &#8211; Allgemeng Benotzungsbedingungen (AGB)\"}]},{\"@type\":\"WebSite\",\"@id\":\"https:\/\/licornecapital.com\/lb\/#website\",\"url\":\"https:\/\/licornecapital.com\/lb\/\",\"name\":\"Licorne capital\",\"description\":\"Ihr vereidigter Finanzexperte in Luxemburg\",\"publisher\":{\"@id\":\"https:\/\/licornecapital.com\/lb\/#organization\"},\"potentialAction\":[{\"@type\":\"SearchAction\",\"target\":{\"@type\":\"EntryPoint\",\"urlTemplate\":\"https:\/\/licornecapital.com\/lb\/?s={search_term_string}\"},\"query-input\":{\"@type\":\"PropertyValueSpecification\",\"valueRequired\":true,\"valueName\":\"search_term_string\"}}],\"inLanguage\":\"lu-DE\"},{\"@type\":\"Organization\",\"@id\":\"https:\/\/licornecapital.com\/lb\/#organization\",\"name\":\"Licorne capital\",\"url\":\"https:\/\/licornecapital.com\/lb\/\",\"logo\":{\"@type\":\"ImageObject\",\"inLanguage\":\"lu-DE\",\"@id\":\"https:\/\/licornecapital.com\/lb\/#\/schema\/logo\/image\/\",\"url\":\"https:\/\/licornecapital.com\/wp-content\/uploads\/2026\/02\/Logo-Licorne-Capitale-full400dpiCropped-scaled.png\",\"contentUrl\":\"https:\/\/licornecapital.com\/wp-content\/uploads\/2026\/02\/Logo-Licorne-Capitale-full400dpiCropped-scaled.png\",\"width\":1600,\"height\":545,\"caption\":\"Licorne capital\"},\"image\":{\"@id\":\"https:\/\/licornecapital.com\/lb\/#\/schema\/logo\/image\/\"},\"sameAs\":[\"https:\/\/www.linkedin.com\/in\/patrick-dan-piller-77a50769\"]}]}<\/script>\n<!-- \/ Yoast SEO plugin. -->","yoast_head_json":{"title":"X - Allgemeng Benotzungsbedingungen (AGB) - Licorne Capital","robots":{"index":"index","follow":"follow","max-snippet":"max-snippet:-1","max-image-preview":"max-image-preview:large","max-video-preview":"max-video-preview:-1"},"canonical":"https:\/\/licornecapital.com\/lb\/x-allgemeng-benotzungsbedingungen-agb\/","og_locale":"en_US","og_type":"article","og_title":"X - Allgemeng Benotzungsbedingungen (AGB) - Licorne Capital","og_description":"Allgemeng Benotzungsbedingungen (AGB) Objet Den Zweck vun d\u00ebse Konditioune ass et, d&#8217;Konditioune fir d&#8217;Zoug\u00e4nglechkeet vun der Webs\u00e4it an d&#8217;Benotzungsbedingunge vum Benotzer ze defin\u00e9ieren. Zougang zu der S\u00e4it Den Zougang zu der S\u00e4it ass gratis. Den Editeur bem\u00e9it sech, e qualitativ h\u00e9ichw\u00e4ertegen Zougang ze garant\u00e9ieren, ass awer net un eng Verpflichtung iwwer d&#8217;Resultater am Zesummenhang mat [&hellip;]","og_url":"https:\/\/licornecapital.com\/lb\/x-allgemeng-benotzungsbedingungen-agb\/","og_site_name":"Licorne Capital","article_modified_time":"2026-03-11T13:15:20+00:00","og_image":[{"width":512,"height":187,"url":"https:\/\/licornecapital.com\/wp-content\/uploads\/2026\/03\/Logo-Licorne-Capitale-512-crop.png","type":"image\/png"}],"twitter_card":"summary_large_image","schema":{"@context":"https:\/\/schema.org","@graph":[{"@type":"WebPage","@id":"https:\/\/licornecapital.com\/lb\/x-allgemeng-benotzungsbedingungen-agb\/","url":"https:\/\/licornecapital.com\/lb\/x-allgemeng-benotzungsbedingungen-agb\/","name":"X - Allgemeng Benotzungsbedingungen (AGB) - Licorne Capital","isPartOf":{"@id":"https:\/\/licornecapital.com\/lb\/#website"},"datePublished":"2026-03-09T16:23:30+00:00","dateModified":"2026-03-11T13:15:20+00:00","breadcrumb":{"@id":"https:\/\/licornecapital.com\/lb\/x-allgemeng-benotzungsbedingungen-agb\/#breadcrumb"},"inLanguage":"lu-DE","potentialAction":[{"@type":"ReadAction","target":["https:\/\/licornecapital.com\/lb\/x-allgemeng-benotzungsbedingungen-agb\/"]}]},{"@type":"BreadcrumbList","@id":"https:\/\/licornecapital.com\/lb\/x-allgemeng-benotzungsbedingungen-agb\/#breadcrumb","itemListElement":[{"@type":"ListItem","position":1,"name":"Accueil","item":"https:\/\/licornecapital.com\/lb\/heem\/"},{"@type":"ListItem","position":2,"name":"X &#8211; Allgemeng Benotzungsbedingungen (AGB)"}]},{"@type":"WebSite","@id":"https:\/\/licornecapital.com\/lb\/#website","url":"https:\/\/licornecapital.com\/lb\/","name":"Licorne capital","description":"Ihr vereidigter Finanzexperte in Luxemburg","publisher":{"@id":"https:\/\/licornecapital.com\/lb\/#organization"},"potentialAction":[{"@type":"SearchAction","target":{"@type":"EntryPoint","urlTemplate":"https:\/\/licornecapital.com\/lb\/?s={search_term_string}"},"query-input":{"@type":"PropertyValueSpecification","valueRequired":true,"valueName":"search_term_string"}}],"inLanguage":"lu-DE"},{"@type":"Organization","@id":"https:\/\/licornecapital.com\/lb\/#organization","name":"Licorne capital","url":"https:\/\/licornecapital.com\/lb\/","logo":{"@type":"ImageObject","inLanguage":"lu-DE","@id":"https:\/\/licornecapital.com\/lb\/#\/schema\/logo\/image\/","url":"https:\/\/licornecapital.com\/wp-content\/uploads\/2026\/02\/Logo-Licorne-Capitale-full400dpiCropped-scaled.png","contentUrl":"https:\/\/licornecapital.com\/wp-content\/uploads\/2026\/02\/Logo-Licorne-Capitale-full400dpiCropped-scaled.png","width":1600,"height":545,"caption":"Licorne capital"},"image":{"@id":"https:\/\/licornecapital.com\/lb\/#\/schema\/logo\/image\/"},"sameAs":["https:\/\/www.linkedin.com\/in\/patrick-dan-piller-77a50769"]}]}},"_links":{"self":[{"href":"https:\/\/licornecapital.com\/lb\/wp-json\/wp\/v2\/pages\/1540","targetHints":{"allow":["GET"]}}],"collection":[{"href":"https:\/\/licornecapital.com\/lb\/wp-json\/wp\/v2\/pages"}],"about":[{"href":"https:\/\/licornecapital.com\/lb\/wp-json\/wp\/v2\/types\/page"}],"author":[{"embeddable":true,"href":"https:\/\/licornecapital.com\/lb\/wp-json\/wp\/v2\/users\/1"}],"replies":[{"embeddable":true,"href":"https:\/\/licornecapital.com\/lb\/wp-json\/wp\/v2\/comments?post=1540"}],"version-history":[{"count":1,"href":"https:\/\/licornecapital.com\/lb\/wp-json\/wp\/v2\/pages\/1540\/revisions"}],"predecessor-version":[{"id":1541,"href":"https:\/\/licornecapital.com\/lb\/wp-json\/wp\/v2\/pages\/1540\/revisions\/1541"}],"wp:attachment":[{"href":"https:\/\/licornecapital.com\/lb\/wp-json\/wp\/v2\/media?parent=1540"}],"curies":[{"name":"wp","href":"https:\/\/api.w.org\/{rel}","templated":true}]}}